{"id":8702,"date":"2020-11-12T13:00:35","date_gmt":"2020-11-12T10:00:35","guid":{"rendered":"https:\/\/hotelsultania.com\/cookie-policy\/"},"modified":"2021-10-01T03:34:05","modified_gmt":"2021-10-01T00:34:05","slug":"cerez-politikasi","status":"publish","type":"page","link":"https:\/\/hotelsultania.com\/tr\/cerez-politikasi\/","title":{"rendered":"\u00c7erez Politikas\u0131"},"content":{"rendered":"\n<p>Ya\u015fmak Turizm Tic. A.\u015e (Ya\u015fmak Hotel Collection) i\u015fbu web sitesinin sahibi s\u0131fat\u0131yla \u00e7erezleri nas\u0131l kullan\u0131lmaktad\u0131r?<br>Ya\u015fmak Hotel Collection \u00e7erezleri; Web sitesinin fonksiyonel olarak \u00e7al\u0131\u015fmas\u0131n\u0131 sa\u011flamak ve web sitesi kullan\u0131m deneyiminizi artt\u0131rmak amac\u0131yla kullan\u0131r. Ayr\u0131ca web sitesi \u00e7evrimi\u00e7i ziyaret\u00e7i istatistikleri amac\u0131yla Google Analytics kullan\u0131lmaktad\u0131r.<\/p>\n\n\n\n<p>Ya\u015fmak Hotel Collection \u00fc\u00e7\u00fcnc\u00fc taraf \u00e7erezlerini nas\u0131l kullanmaktad\u0131r?<br>Ya\u015fmak Hotel Collection Google, Inc. (&#8220;Google&#8221;) taraf\u0131ndan sa\u011flanan bir web analizi hizmeti olan Google Analytics kullanmaktad\u0131r. Google Analytics, \u00e7erezleri ziyaret\u00e7ilerin web sitesini nas\u0131l kulland\u0131klar\u0131n\u0131 istatistiki bilgiler\/raporlar ile analiz etmek amac\u0131yla kullan\u0131r. Google Analytics kullan\u0131m\u0131 hakk\u0131nda daha fazla bilgi i\u00e7in (reddetme se\u00e7enekleri dahil), \u015fu adresi ziyaret edebilirsiniz:&nbsp;<a href=\"https:\/\/www.google.com\/intl\/tr\/policies\/privacy\/#infocollect\">https:\/\/www.google.com\/intl\/tr\/policies\/privacy\/#infocollect<\/a>.<\/p>\n\n\n\n<p><strong>\u00c7erez Y\u00f6netimi<\/strong><\/p>\n\n\n\n<p>\u0130nternet taray\u0131c\u0131n\u0131z\u0131n \u00e7e\u015fidine g\u00f6re a\u015fa\u011f\u0131daki ad\u0131mlar\u0131 izleyerek, \u00e7erezler hakk\u0131nda bilgi edinip, izin verme veya reddetme hakk\u0131n\u0131z\u0131 kullanabilirsiniz:<\/p>\n\n\n\n<p>Google Chrome: Browser\u2019\u0131n\u0131z\u0131n \u201cadres b\u00f6l\u00fcm\u00fcnde\u201d yer alan, \u201ckilit i\u015fareti\u201d veya \u201ci\u201d harfini t\u0131klayarak, \u201cCookie\u201d sekmesinden \u00e7erezlere izin verebilir veya bloke edebilirsiniz.<\/p>\n\n\n\n<p>\u0130nternet Explorer: Browser\u2019\u0131n\u0131z\u0131n sa\u011f \u00fcst k\u00f6\u015fesinde yer alan \u201cTool\u201d veya \u201cAra\u00e7lar\u201d B\u00f6l\u00fcm\u00fcnden \u201cG\u00fcvenlik\u201d sekmesini t\u0131klay\u0131n ve \u201cizin ver\u201d veya \u201cizin verme\u201d \u015feklinde \u00e7erez y\u00f6netimizi ger\u00e7ekle\u015ftirin.<\/p>\n\n\n\n<p>Mozilla Firefox: Browser\u2019\u0131n\u0131z\u0131n sa\u011f \u00fcst k\u00f6\u015fesinde yer alan \u201cmen\u00fcy\u00fc a\u00e7\u201d sekmesini t\u0131klay\u0131n\u0131z. \u201cSe\u00e7enekler\u201d g\u00f6rselini t\u0131klayarak \u201cGizlilik ve G\u00fcvenlik\u201d butonunu kullanarak \u00e7erez y\u00f6netiminizi yap\u0131n\u0131z.<\/p>\n\n\n\n<p>Di\u011fer browserlar i\u00e7in de (opera, microsoft edge gibi), ilgili browser\u2019\u0131n yard\u0131m veya destek sayfalar\u0131n\u0131 inceleyebilirsiniz.<\/p>\n\n\n\n<p>Safari: Telefonunuzun \u201cAyarlar\u201d b\u00f6l\u00fcm\u00fcnden \u201csafari\u201d sekmesini se\u00e7ip, \u201cGizlilik ve G\u00fcvenlik\u201d B\u00f6l\u00fcm\u00fcnden t\u00fcm \u00e7erez y\u00f6netiminizi sa\u011flayabilirsiniz.<\/p>\n\n\n\n<p>Yukar\u0131daki se\u00e7eneklerin yan\u0131s\u0131ra; t\u00fcm \u00e7erezler hakk\u0131nda bilgi sahibi olmak ve \u00e7erez y\u00f6netimi i\u00e7in:&nbsp;<a href=\"https:\/\/www.allaboutcookies.org\/\">https:\/\/www.allaboutcookies.org<\/a>,&nbsp;<a href=\"https:\/\/www.youronlinechoices.eu\/\">https:\/\/www.youronlinechoices.eu\/<\/a>&nbsp;adresini ziyaret edebilirsiniz, veya &#8220;Privacy Badger&#8221; uygulamas\u0131n\u0131 kullanabilirsiniz (https:\/\/www.eff.org\/tr\/privacybadger).<\/p>\n\n\n\n<p><strong>\u00c7erez \u00c7e\u015fitleri<\/strong><\/p>\n\n\n\n<p>Kullan\u0131m s\u00fcresine g\u00f6re \u00e7erez \u00e7e\u015fitleri: Ya\u015fmak Hotel Collection taraf\u0131ndan i\u015fletilen web sitesinde kullan\u0131m s\u00fcrelerine g\u00f6re, oturum \u00e7erezleri ve kal\u0131c\u0131 \u00e7erezler kullanmaktad\u0131r. Oturum \u00e7erezi, taray\u0131c\u0131n\u0131z\u0131 kapatt\u0131\u011f\u0131n\u0131zda sona erer. Kal\u0131c\u0131 \u00e7erez ise sabit diskinizde uzun bir s\u00fcre veya s\u00fcresiz olarak kal\u0131r.<\/p>\n\n\n\n<p>\u00c7erezin sahibi veya \u00e7erezi yerle\u015ftiren tarafa g\u00f6re \u00e7erez \u00e7e\u015fitleri: Ya\u015fmak Hotel Collection taraf\u0131ndan i\u015fletilen web sitesine yerle\u015ftiren tarafa g\u00f6re \u00fc\u00e7\u00fcnc\u00fc taraf (third party cookie) \u00e7erezler kullan\u0131lmaktad\u0131r.\u00dc\u00e7\u00fcnc\u00fc taraf \u00e7erezleri ise i\u015fbirli\u011fi yapt\u0131\u011f\u0131m\u0131z \u00fc\u00e7\u00fcnc\u00fc taraf firmalar taraf\u0131ndan y\u00f6netilmektedir.<\/p>\n\n\n\n<p><strong>\u00c7erez (Cookie) Kullan\u0131m\u0131<\/strong><\/p>\n\n\n\n<p>\u00c7erezler, web sitesini ziyaret etti\u011finizde internet taray\u0131c\u0131n\u0131z taraf\u0131ndan y\u00fcklenen ve bilgisayar\u0131n\u0131z, cep telefonunuz veya tabletinizde saklanan k\u00fc\u00e7\u00fck bilgi par\u00e7ac\u0131klar\u0131n\u0131 i\u00e7eren metin dosyalar\u0131d\u0131r.<\/p>\n\n\n\n<p>Websitesi , ziyaret\u00e7ilerine daha iyi hizmet verebilmek, ziyaret\u00e7ilerini ve \u00fcyelerini \u00fcyelik faydalar\u0131ndan istifade ettirmek amac\u0131yla ve yasal y\u00fck\u00fcml\u00fcl\u00fc\u011f\u00fc \u00e7er\u00e7evesinde, i\u015fbu Gizlilik\/Ki\u015fisel Verilerin Korunmas\u0131 Politikas\u0131 ile belirlenen ama\u00e7lar ve kapsam d\u0131\u015f\u0131nda kullan\u0131lmamak kayd\u0131 ile gezinme bilgilerinizi toplayacak, i\u015fleyecek, \u00fc\u00e7\u00fcnc\u00fc ki\u015filerle payla\u015facak ve g\u00fcvenli olarak saklayacakt\u0131r.<\/p>\n\n\n\n<p>Websitesi size \u00f6zel tan\u0131t\u0131m yapmak, promosyonlar ve pazarlama teklifleri sunmak, web sitesinin i\u00e7eri\u011fini size g\u00f6re iyile\u015ftirmek ve\/veya tercihlerinizi belirlemek amac\u0131yla; site \u00fczerinde gezinme bilgilerinizi ve\/veya site \u00fczerindeki \u00fcyelik kullan\u0131m ge\u00e7mi\u015finizi izlemektedir.<\/p>\n\n\n\n<p>Web sitesinde ve mobil sitede oturum \u00e7erezleri ve kal\u0131c\u0131 \u00e7erezler kullanmaktad\u0131r. Oturum kimli\u011fi \u00e7erezi, taray\u0131c\u0131n\u0131z\u0131 kapatt\u0131\u011f\u0131n\u0131zda sona erer. Kal\u0131c\u0131 \u00e7erez ise sabit diskinizde uzun bir s\u00fcre kal\u0131r. \u0130nternet taray\u0131c\u0131n\u0131z\u0131n &#8220;yard\u0131m&#8221; dosyas\u0131nda verilen talimatlar\u0131 izleyerek veya \u201cwww.allaboutcookies.org\u201d veya \u201cwww.youronlinechoices.eu\u201d adresini ziyaret ederek kal\u0131c\u0131 \u00e7erezleri kald\u0131rabilir ve hem oturum \u00e7erezlerini hem de kal\u0131c\u0131 \u00e7erezleri reddedebilirsiniz. Kal\u0131c\u0131 \u00e7erezleri veya oturum \u00e7erezlerini reddederseniz, web sitesini ve mobil sitesini kullanmaya devam edebilirsiniz, fakat web sitesinin ve mobil sitesinin t\u00fcm i\u015flevlerine eri\u015femeyebilirsiniz veya eri\u015fiminiz s\u0131n\u0131rl\u0131 olabilir.<\/p>\n\n\n\n<p>Websitesi \u00fc\u00e7\u00fcnc\u00fc taraf \u00e7erezlerini reklam ve yeniden hedefleme i\u00e7in nas\u0131l kullanmaktad\u0131r?<br>Ya\u015fmak Hotel Collection \u00e7erezleri ayr\u0131ca; arama motorlar\u0131n\u0131, otel grubu kapsam\u0131ndaki web sitelerinin veya mobil sitesi ve\/veya Ya\u015fmak Hotel Collection\u2019\u0131n reklam verdi\u011fi web sitelerini ziyaret etti\u011finizde ilginizi \u00e7ekebilece\u011fini d\u00fc\u015f\u00fcnd\u00fc\u011f\u00fc reklamlar\u0131 size sunabilmek i\u00e7in \u201cReklam Teknolojisini\u201d devreye sokmak amac\u0131yla kullanabilir. Reklam Teknolojisi, size \u00f6zel reklamlar sunabilmek i\u00e7in web sitesine\/mobil sitesine ve Ya\u015fmak Hotel Collection\u2019\u0131n reklam verdi\u011fi web sitelerine\/mobil sitesine yapt\u0131\u011f\u0131n\u0131z \u00f6nceki ziyaretlerle ilgili bilgileri kullan\u0131r. Bu reklamlar\u0131 sunarken websitesinin sizi tan\u0131yabilmesi amac\u0131yla taray\u0131c\u0131n\u0131za bir \u00fc\u00e7\u00fcnc\u00fc taraf \u00e7erezi yerle\u015ftirilebilir. Ya\u015fmak Hotel Collection\u2019\u0131n grubu kapsam\u0131ndaki web siteleri\/mobil siteleri ayr\u0131ca; Google, Inc. (&#8220;Google&#8221;) taraf\u0131ndan sa\u011flanan bir web analizi hizmeti olan Google Analytics ve Google Adwords kullanmaktad\u0131r. Google Analytics ve Google Adwords \u00e7erezleri ziyaret\u00e7ilerin web sitesini\/mobil sitesini nas\u0131l kulland\u0131klar\u0131n\u0131 analiz etmek amac\u0131yla kullan\u0131r. Bu web sitesini\/mobil sitesini kullan\u0131m\u0131n\u0131zla ilgili bilgiler (IP adresiniz dahil) Google&#8217;a aktar\u0131larak Google taraf\u0131ndan saklanmaktad\u0131r. Google bu bilgileri web sitesini\/mobil sitesini kullan\u0131m\u0131n\u0131z\u0131 de\u011ferlendirmek, Ya\u015fmak Hotel Collection b\u00fcnyesindeki otellerinin web sitesi\/mobil site faaliyetini derlemek ve web sitesi\/mobil sitesi faaliyeti ve internet kullan\u0131m\u0131yla ilgili ba\u015fka hizmetler sa\u011flamak amac\u0131yla kullanacakt\u0131r. Fakat IP adresinizi Google taraf\u0131ndan depolanan di\u011fer verilerle e\u015fle\u015ftirmeyecektir. Google Analytics kullan\u0131m\u0131 hakk\u0131nda daha fazla bilgi i\u00e7in \u015fu adresi ziyaret edebilirsiniz: http:\/\/www.google.com\/intl\/tr\/policies\/privacy\/#infocollect.<\/p>\n","protected":false},"excerpt":{"rendered":"<p>Ya\u015fmak Turizm Tic. A.\u015e (Ya\u015fmak Hotel Collection) i\u015fbu web sitesinin sahibi s\u0131fat\u0131yla \u00e7erezleri nas\u0131l kullan\u0131lmaktad\u0131r?Ya\u015fmak Hotel Collection \u00e7erezleri; Web sitesinin fonksiyonel olarak \u00e7al\u0131\u015fmas\u0131n\u0131 sa\u011flamak ve web sitesi kullan\u0131m deneyiminizi artt\u0131rmak amac\u0131yla kullan\u0131r. Ayr\u0131ca web sitesi \u00e7evrimi\u00e7i ziyaret\u00e7i istatistikleri amac\u0131yla Google Analytics kullan\u0131lmaktad\u0131r. Ya\u015fmak Hotel Collection \u00fc\u00e7\u00fcnc\u00fc taraf \u00e7erezlerini nas\u0131l kullanmaktad\u0131r?Ya\u015fmak Hotel Collection Google, Inc. (&#8220;Google&#8221;) taraf\u0131ndan sa\u011flanan bir web analizi hizmeti olan Google Analytics kullanmaktad\u0131r. Google Analytics, \u00e7erezleri ziyaret\u00e7ilerin web sitesini nas\u0131l kulland\u0131klar\u0131n\u0131 istatistiki bilgiler\/raporlar ile analiz etmek amac\u0131yla kullan\u0131r. Google Analytics kullan\u0131m\u0131 hakk\u0131nda daha fazla bilgi i\u00e7in (reddetme se\u00e7enekleri dahil), \u015fu adresi ziyaret edebilirsiniz:&nbsp;https:\/\/www.google.com\/intl\/tr\/policies\/privacy\/#infocollect. \u00c7erez Y\u00f6netimi \u0130nternet taray\u0131c\u0131n\u0131z\u0131n \u00e7e\u015fidine [&hellip;]<\/p>\n","protected":false},"author":1,"featured_media":0,"parent":0,"menu_order":0,"comment_status":"closed","ping_status":"closed","template":"","meta":{"footnotes":""},"class_list":["post-8702","page","type-page","status-publish","hentry"],"_links":{"self":[{"href":"https:\/\/hotelsultania.com\/tr\/wp-json\/wp\/v2\/pages\/8702","targetHints":{"allow":["GET"]}}],"collection":[{"href":"https:\/\/hotelsultania.com\/tr\/wp-json\/wp\/v2\/pages"}],"about":[{"href":"https:\/\/hotelsultania.com\/tr\/wp-json\/wp\/v2\/types\/page"}],"author":[{"embeddable":true,"href":"https:\/\/hotelsultania.com\/tr\/wp-json\/wp\/v2\/users\/1"}],"replies":[{"embeddable":true,"href":"https:\/\/hotelsultania.com\/tr\/wp-json\/wp\/v2\/comments?post=8702"}],"version-history":[{"count":0,"href":"https:\/\/hotelsultania.com\/tr\/wp-json\/wp\/v2\/pages\/8702\/revisions"}],"wp:attachment":[{"href":"https:\/\/hotelsultania.com\/tr\/wp-json\/wp\/v2\/media?parent=8702"}],"curies":[{"name":"wp","href":"https:\/\/api.w.org\/{rel}","templated":true}]}}